{"id":2,"date":"2025-11-21T15:30:45","date_gmt":"2025-11-21T15:30:45","guid":{"rendered":"http:\/\/az-correction.fr\/?page_id=2"},"modified":"2026-01-30T19:00:13","modified_gmt":"2026-01-30T18:00:13","slug":"a-propos","status":"publish","type":"page","link":"https:\/\/az-correction.fr\/?page_id=2","title":{"rendered":"\u00c0 propos\u2026"},"content":{"rendered":"\n<p>J\u2019aime les livres tant par leur contenu que par l\u2019objet lui-m\u00eame.<\/p>\n\n\n\n<p>J\u2019aime l\u2019\u00e9crit sur le papier. M\u00eame si vous \u00e9crivez un courriel ou un article de blog(ue), je veux toujours le voir comme s\u2019il allait \u00eatre imprim\u00e9. Confiez-moi vos \u00e9crits, je les lirai avec int\u00e9r\u00eat, respect et rigueur. Je vous proposerai des corrections et des am\u00e9liorations si n\u00e9cessaire. Ensuite, vous choisirez.<\/p>\n\n\n\n<p>Je vous pourrai vous apporter un plus dans le domaine des sciences et techniques.<\/p>\n","protected":false},"excerpt":{"rendered":"<p>J\u2019aime les livres tant par leur contenu que par l\u2019objet lui-m\u00eame. J\u2019aime l\u2019\u00e9crit sur le papier. M\u00eame si vous \u00e9crivez un courriel ou un article de blog(ue), je veux toujours le voir comme s\u2019il allait \u00eatre imprim\u00e9. Confiez-moi vos \u00e9crits, je les lirai avec int\u00e9r\u00eat, respect et rigueur. Je vous proposerai des corrections et des&#8230;<\/p>\n","protected":false},"author":1,"featured_media":0,"parent":0,"menu_order":1,"comment_status":"closed","ping_status":"closed","template":"","meta":{"_kad_post_transparent":"","_kad_post_title":"","_kad_post_layout":"","_kad_post_sidebar_id":"","_kad_post_content_style":"","_kad_post_vertical_padding":"","_kad_post_feature":"","_kad_post_feature_position":"","_kad_post_header":false,"_kad_post_footer":false,"_kad_post_classname":"","footnotes":""},"class_list":["post-2","page","type-page","status-publish","hentry"],"_links":{"self":[{"href":"https:\/\/az-correction.fr\/index.php?rest_route=\/wp\/v2\/pages\/2","targetHints":{"allow":["GET"]}}],"collection":[{"href":"https:\/\/az-correction.fr\/index.php?rest_route=\/wp\/v2\/pages"}],"about":[{"href":"https:\/\/az-correction.fr\/index.php?rest_route=\/wp\/v2\/types\/page"}],"author":[{"embeddable":true,"href":"https:\/\/az-correction.fr\/index.php?rest_route=\/wp\/v2\/users\/1"}],"replies":[{"embeddable":true,"href":"https:\/\/az-correction.fr\/index.php?rest_route=%2Fwp%2Fv2%2Fcomments&post=2"}],"version-history":[{"count":33,"href":"https:\/\/az-correction.fr\/index.php?rest_route=\/wp\/v2\/pages\/2\/revisions"}],"predecessor-version":[{"id":188,"href":"https:\/\/az-correction.fr\/index.php?rest_route=\/wp\/v2\/pages\/2\/revisions\/188"}],"wp:attachment":[{"href":"https:\/\/az-correction.fr\/index.php?rest_route=%2Fwp%2Fv2%2Fmedia&parent=2"}],"curies":[{"name":"wp","href":"https:\/\/api.w.org\/{rel}","templated":true}]}}