{"id":243,"date":"2026-03-04T16:00:26","date_gmt":"2026-03-04T15:00:26","guid":{"rendered":"https:\/\/az-correction.fr\/?page_id=243"},"modified":"2026-03-06T15:07:06","modified_gmt":"2026-03-06T14:07:06","slug":"cgv","status":"publish","type":"page","link":"https:\/\/az-correction.fr\/?page_id=243","title":{"rendered":"CGV"},"content":{"rendered":"\n<p>En exer\u00e7ant mon activit\u00e9 au sein d\u2019une coop\u00e9rative d\u2019activit\u00e9s et d\u2019emplois (<a href=\"https:\/\/www.regate.fr\/\">R\u00c9GATE<\/a>), j\u2019applique les conditions g\u00e9n\u00e9rales de vente suivantes que vous pouvez voir et t\u00e9l\u00e9charger <a href=\"https:\/\/az-correction.fr\/wp-content\/uploads\/2026\/03\/CGV-Regate-\u2013-AZ-correction.pdf\">ici<\/a>.<\/p>\n\n\n\n<p><\/p>\n","protected":false},"excerpt":{"rendered":"<p>En exer\u00e7ant mon activit\u00e9 au sein d\u2019une coop\u00e9rative d\u2019activit\u00e9s et d\u2019emplois (R\u00c9GATE), j\u2019applique les conditions g\u00e9n\u00e9rales de vente suivantes que vous pouvez voir et t\u00e9l\u00e9charger ici.<\/p>\n","protected":false},"author":1,"featured_media":0,"parent":0,"menu_order":0,"comment_status":"closed","ping_status":"closed","template":"","meta":{"_kad_post_transparent":"","_kad_post_title":"","_kad_post_layout":"","_kad_post_sidebar_id":"","_kad_post_content_style":"","_kad_post_vertical_padding":"","_kad_post_feature":"","_kad_post_feature_position":"","_kad_post_header":false,"_kad_post_footer":false,"_kad_post_classname":"","footnotes":""},"class_list":["post-243","page","type-page","status-publish","hentry"],"_links":{"self":[{"href":"https:\/\/az-correction.fr\/index.php?rest_route=\/wp\/v2\/pages\/243","targetHints":{"allow":["GET"]}}],"collection":[{"href":"https:\/\/az-correction.fr\/index.php?rest_route=\/wp\/v2\/pages"}],"about":[{"href":"https:\/\/az-correction.fr\/index.php?rest_route=\/wp\/v2\/types\/page"}],"author":[{"embeddable":true,"href":"https:\/\/az-correction.fr\/index.php?rest_route=\/wp\/v2\/users\/1"}],"replies":[{"embeddable":true,"href":"https:\/\/az-correction.fr\/index.php?rest_route=%2Fwp%2Fv2%2Fcomments&post=243"}],"version-history":[{"count":4,"href":"https:\/\/az-correction.fr\/index.php?rest_route=\/wp\/v2\/pages\/243\/revisions"}],"predecessor-version":[{"id":249,"href":"https:\/\/az-correction.fr\/index.php?rest_route=\/wp\/v2\/pages\/243\/revisions\/249"}],"wp:attachment":[{"href":"https:\/\/az-correction.fr\/index.php?rest_route=%2Fwp%2Fv2%2Fmedia&parent=243"}],"curies":[{"name":"wp","href":"https:\/\/api.w.org\/{rel}","templated":true}]}}