{"id":250,"date":"2026-03-08T09:00:53","date_gmt":"2026-03-08T08:00:53","guid":{"rendered":"https:\/\/az-correction.fr\/?page_id=250"},"modified":"2026-03-14T21:29:31","modified_gmt":"2026-03-14T20:29:31","slug":"tarifs","status":"publish","type":"page","link":"https:\/\/az-correction.fr\/?page_id=250","title":{"rendered":"Tarifs"},"content":{"rendered":"\n<h2 class=\"wp-block-heading\">Forfaits<\/h2>\n\n\n\n<p>Seuls les forfaits pour les documents de petite taille du point de vue textuel sont connus \u00e0 l\u2019avance&nbsp;:<\/p>\n\n\n\n<ul class=\"wp-block-list\">\n<li>Carte de visite (r<sup>o<\/sup>\/v<sup>o<\/sup>) de taille standard&nbsp;: 4&nbsp;\u20ac<\/li>\n\n\n\n<li>CV (curriculum vit\u00e6) (1 page)&nbsp;: 10&nbsp;\u20ac<\/li>\n\n\n\n<li>Lettre de motivation (1 page)&nbsp;: 10&nbsp;\u20ac<\/li>\n\n\n\n<li>Lettre de motivation (2 pages ou 1&nbsp;r<sup>o<\/sup>\/v<sup>o<\/sup>)&nbsp;: 20&nbsp;\u20ac<\/li>\n\n\n\n<li>CV + lettre de motivation (1 page)&nbsp;: 18&nbsp;\u20ac<\/li>\n\n\n\n<li>CV + lettre de motivation (2 pages ou r<sup>o<\/sup>\/v<sup>o<\/sup>)&nbsp;: 25&nbsp;\u20ac<br><\/li>\n\n\n\n<li>D\u00e9pliant (2 pages ou 1&nbsp;r<sup>o<\/sup>\/v<sup>o<\/sup>)&nbsp;: 20&nbsp;\u20ac<\/li>\n\n\n\n<li>Carte de menu (1 menu sur 1&nbsp;page)&nbsp;: 8&nbsp;\u20ac<\/li>\n\n\n\n<li>Carte de menu (2 menus sur 2&nbsp;pages ou 1&nbsp;r<sup>o<\/sup>\/v<sup>o<\/sup>)&nbsp;: 12&nbsp;\u20ac<\/li>\n\n\n\n<li>Carte de menu (4 menus sur 4&nbsp;pages ou 2&nbsp;r<sup>o<\/sup>\/v<sup>o<\/sup>)&nbsp;: 20&nbsp;\u20ac<\/li>\n<\/ul>\n\n\n\n<p>On entend par <em>page<\/em> le recto d\u2019une feuille en format A4.<\/p>\n\n\n\n<p><a href=\"mailto:contact@az-correction.fr\">Commander une correction forfaitaire<\/a> (n\u2019oubliez pas de fournir le document). Vous recevrez un devis.<\/p>\n\n\n\n<h2 class=\"wp-block-heading\">Devis pour tout autre \u00e9crit sous forme num\u00e9rique modifiable<\/h2>\n\n\n\n<p>Pour tous les autres documents, il n\u2019existe pas de grille tarifaire pr\u00e9\u00e9tablie, seulement des chiffres indicatifs.<br><br><strong>Le tarif d\u2019une prestation est alors fix\u00e9 par le devis<\/strong>. Il d\u00e9pend de deux facteurs\u00a0:<br>\u00a0\u2013\u00a0le <strong><a href=\"https:\/\/az-correction.fr\/?page_id=309\" data-type=\"page\" data-id=\"309\">nombre de signes (ou caract\u00e8res) espaces comprises<\/a><\/strong> du document,<br>\u00a0\u2013\u00a0la <strong>qualit\u00e9 du texte initial<\/strong> et donc du travail \u00e0 effectuer pour parvenir \u00e0 la qualit\u00e9 voulue.<br><br>Cela implique une saisie num\u00e9rique dans un traitement de texte (ou outil similaire) et la fourniture du document.<br><a href=\"https:\/\/az-correction.fr\/?page_id=331\" data-type=\"page\" data-id=\"331\">N\u2019oubliez pas de prot\u00e9ger votre cr\u00e9ation\u2026<\/a><\/p>\n\n\n\n<p><a href=\"https:\/\/az-correction.fr\/?page_id=169\" data-type=\"page\" data-id=\"169\">Demander un devis.<\/a><\/p>\n\n\n\n<h2 class=\"wp-block-heading\">Devis pour tout \u00e9crit sous forme non modifiable<\/h2>\n\n\n\n<p>Ces autres supports sont accept\u00e9s\u00a0: document papier (manuscrit ou imprim\u00e9), image, fichier PDF, etc.<br>L\u00e0 non plus, il n\u2019existe pas de grille tarifaire. <strong>Le tarif d\u2019une prestation est aussi fix\u00e9 par le devis<\/strong>.<br>Ce type de travail implique une correction sur papier avec les conventions des correcteurs ou une correction par ajout de commentaires comme, par exemple, dans le cas de fichier PDF.<br><a href=\"https:\/\/az-correction.fr\/?page_id=331\" data-type=\"page\" data-id=\"331\">N\u2019oubliez pas de prot\u00e9ger votre cr\u00e9ation\u2026<\/a><\/p>\n\n\n\n<p><a href=\"https:\/\/az-correction.fr\/?page_id=169\" data-type=\"page\" data-id=\"169\">N\u2019h\u00e9sitez pas \u00e0 prendre contact<\/a> afin de d\u00e9finir vos besoins et nous pourrons ainsi proposer un devis plus pr\u00e9cis.<\/p>\n","protected":false},"excerpt":{"rendered":"<p>Forfaits Seuls les forfaits pour les documents de petite taille du point de vue textuel sont connus \u00e0 l\u2019avance&nbsp;: On entend par page le recto d\u2019une feuille en format A4. Commander une correction forfaitaire (n\u2019oubliez pas de fournir le document). Vous recevrez un devis. Devis pour tout autre \u00e9crit sous forme num\u00e9rique modifiable Pour tous&#8230;<\/p>\n","protected":false},"author":1,"featured_media":0,"parent":0,"menu_order":0,"comment_status":"closed","ping_status":"closed","template":"","meta":{"_kad_post_transparent":"","_kad_post_title":"","_kad_post_layout":"","_kad_post_sidebar_id":"","_kad_post_content_style":"","_kad_post_vertical_padding":"","_kad_post_feature":"","_kad_post_feature_position":"","_kad_post_header":false,"_kad_post_footer":false,"_kad_post_classname":"","footnotes":""},"class_list":["post-250","page","type-page","status-publish","hentry"],"_links":{"self":[{"href":"https:\/\/az-correction.fr\/index.php?rest_route=\/wp\/v2\/pages\/250","targetHints":{"allow":["GET"]}}],"collection":[{"href":"https:\/\/az-correction.fr\/index.php?rest_route=\/wp\/v2\/pages"}],"about":[{"href":"https:\/\/az-correction.fr\/index.php?rest_route=\/wp\/v2\/types\/page"}],"author":[{"embeddable":true,"href":"https:\/\/az-correction.fr\/index.php?rest_route=\/wp\/v2\/users\/1"}],"replies":[{"embeddable":true,"href":"https:\/\/az-correction.fr\/index.php?rest_route=%2Fwp%2Fv2%2Fcomments&post=250"}],"version-history":[{"count":18,"href":"https:\/\/az-correction.fr\/index.php?rest_route=\/wp\/v2\/pages\/250\/revisions"}],"predecessor-version":[{"id":360,"href":"https:\/\/az-correction.fr\/index.php?rest_route=\/wp\/v2\/pages\/250\/revisions\/360"}],"wp:attachment":[{"href":"https:\/\/az-correction.fr\/index.php?rest_route=%2Fwp%2Fv2%2Fmedia&parent=250"}],"curies":[{"name":"wp","href":"https:\/\/api.w.org\/{rel}","templated":true}]}}