{"id":331,"date":"2026-03-14T21:21:38","date_gmt":"2026-03-14T20:21:38","guid":{"rendered":"https:\/\/az-correction.fr\/?page_id=331"},"modified":"2026-03-24T09:02:25","modified_gmt":"2026-03-24T08:02:25","slug":"proteger-son-ecrit","status":"publish","type":"page","link":"https:\/\/az-correction.fr\/?page_id=331","title":{"rendered":"Prot\u00e9ger son \u00e9crit"},"content":{"rendered":"\n<div class=\"wp-block-group\"><div class=\"wp-block-group__inner-container is-layout-constrained wp-block-group-is-layout-constrained\">\n<div class=\"wp-block-group\"><div class=\"wp-block-group__inner-container is-layout-constrained wp-block-group-is-layout-constrained\">\n<h1 class=\"wp-block-heading\">Le droit fran\u00e7ais<\/h1>\n\n\n\n<div class=\"wp-block-group\"><div class=\"wp-block-group__inner-container is-layout-constrained wp-block-group-is-layout-constrained\">\n<p><strong>Le droit d\u2019auteur est acquis d\u00e8s la cr\u00e9ation de l\u2019\u0153uvre, qu\u2019elle ait \u00e9t\u00e9 publi\u00e9e ou pas<\/strong>.<br><a href=\"https:\/\/www.legifrance.gouv.fr\/codes\/article_lc\/LEGIARTI000042814694\">Article L111\u20111 du Code de la propri\u00e9t\u00e9 intellectuelle<\/a>\u00a0:<br>\u00ab\u00a0L&rsquo;auteur d&rsquo;une \u0153uvre de l&rsquo;esprit jouit sur cette \u0153uvre, du seul fait de sa cr\u00e9ation, d&rsquo;un droit de propri\u00e9t\u00e9 incorporelle exclusif et opposable \u00e0 tous.<br>Ce droit comporte des attributs d&rsquo;ordre intellectuel et moral ainsi que des attributs d&rsquo;ordre patrimonial, qui sont d\u00e9termin\u00e9s par les livres Ier et III du pr\u00e9sent code. [\u2026]\u00a0\u00bb<br><br>En sus de l\u2019article (et les suivants) du Code de la propri\u00e9t\u00e9 intellectuelle ci-dessus, vous pouvez lire ceci <a href=\"https:\/\/www.inpi.fr\/ressources\/propriete-intellectuelle\/droit-dauteur\">https:\/\/www.inpi.fr\/ressources\/propriete-intellectuelle\/droit-dauteur<\/a>.<br><br>Un droit acquis, mais, par pr\u00e9caution, il faut un certain nombre d\u2019\u00e9l\u00e9ments de preuve.<\/p>\n<\/div><\/div>\n\n\n\n<div class=\"wp-block-group\"><div class=\"wp-block-group__inner-container is-layout-constrained wp-block-group-is-layout-constrained\">\n<div class=\"wp-block-group\"><div class=\"wp-block-group__inner-container is-layout-constrained wp-block-group-is-layout-constrained\">\n<div class=\"wp-block-group\"><div class=\"wp-block-group__inner-container is-layout-constrained wp-block-group-is-layout-constrained\">\n<div class=\"wp-block-group is-vertical is-layout-flex wp-container-core-group-is-layout-8cf370e7 wp-block-group-is-layout-flex\">\n<p><strong>Quelqu\u2019un(e) publie votre texte sans votre accord. Que faire&nbsp;?<\/strong><\/p>\n<\/div>\n\n\n\n<div class=\"wp-block-group\"><div class=\"wp-block-group__inner-container is-layout-constrained wp-block-group-is-layout-constrained\">\n<p>C\u2019est \u00e0 vous de vous apercevoir de l\u2019ind\u00e9licatesse et c\u2019est en justice que cela se passe\u00a0!<br>Il faut pouvoir justifier\u00a0:<br>\u2013\u00a0du contenu (et de son int\u00e9grit\u00e9),<br>\u2013 de l\u2019\u00e9metteur (soi-m\u00eame),<br>\u2013 de l\u2019ant\u00e9riorit\u00e9 (donc de la date d\u2019enregistrement).<br>Ceci par r\u00e9f\u00e9rence \u00e0 l\u2019<a href=\"https:\/\/www.legifrance.gouv.fr\/codes\/article_lc\/LEGIARTI000032042461\">Article 1366 du Code civil<\/a> qui concerne la reconnaissance de l\u2019\u00e9crit \u00e9lectronique et des conditions.<\/p>\n\n\n\n<p><strong>Tr\u00e8s important&nbsp;: ne perdre ni les preuves ni le contenu.<\/strong><\/p>\n<\/div><\/div>\n<\/div><\/div>\n<\/div><\/div>\n<\/div><\/div>\n<\/div><\/div>\n\n\n\n<p><em>Les informations donn\u00e9es ci-dessous ont \u00e9t\u00e9 relev\u00e9es d\u00e9but mars 2026.<\/em><\/p>\n<\/div><\/div>\n\n\n\n<div class=\"wp-block-group\"><div class=\"wp-block-group__inner-container is-layout-constrained wp-block-group-is-layout-constrained\">\n<div class=\"wp-block-group\"><div class=\"wp-block-group__inner-container is-layout-constrained wp-block-group-is-layout-constrained\">\n<h1 class=\"wp-block-heading\">Envoi \u00e0 soi-m\u00eame<\/h1>\n\n\n\n<p><strong>D\u00e9p\u00f4t par message \u00e9lectronique envoy\u00e9 \u00e0 soi-m\u00eame<\/strong><\/p>\n\n\n\n<p class=\"has-text-align-left\"><a href=\"https:\/\/www.legifrance.gouv.fr\/codes\/article_lc\/LEGIARTI000032042461\">Code civil Article 1366<\/a>\u00a0:<br>\u00ab\u00a0L&rsquo;\u00e9crit \u00e9lectronique a la m\u00eame force probante que l&rsquo;\u00e9crit sur support papier, sous r\u00e9serve que puisse \u00eatre d\u00fbment identifi\u00e9e la personne dont il \u00e9mane et qu&rsquo;il soit \u00e9tabli et conserv\u00e9 dans des conditions de nature \u00e0 en garantir l&rsquo;int\u00e9grit\u00e9.\u00a0\u00bb<br><br>co\u00fbt\u00a0: nul<br>validit\u00e9\u00a0: par d\u00e9faut, tout juste moyenne<br>confidentialit\u00e9\u00a0: celle du service de messagerie, soit aucune<sup>(*)<\/sup> le plus souvent<br>risque\u00a0: faible (effacement intempestif, acc\u00e8s perdu ou interdit)<br><br>(*)\u00a0p.\u00a0ex. Google\u202fGmail\u202fn\u2019a\u202f<strong>aucune confidentialit\u00e9<\/strong> car <strong>tout est lu et trait\u00e9<\/strong> avant le stockage. Le d\u00e9tail\u00a0: <a href=\"https:\/\/mailvelope.com\/fr\">https:\/\/mailvelope.com\/fr<\/a> > Quelles fonctions Mailvelope ajoute-t-elle \u00e0 Gmail\u202f?<\/p>\n\n\n\n<p><strong>Pli postal en recommand\u00e9 avec avis de r\u00e9ception envoy\u00e9 \u00e0 soi-m\u00eame<\/strong><\/p>\n\n\n\n<p>co\u00fbt\u00a0: faible (fonction du poids et limit\u00e9\u00a0:\u202f6\u00a0\u20ac &lt; prix &lt; 19\u00a0\u20ac) mais ne pas oublier le co\u00fbt du papier et de l\u2019impression\u00a0!<br>validit\u00e9\u00a0: bonne<br>confidentialit\u00e9\u00a0: bonne (si le pli est d\u00e9cachet\u00e9 ou les justificatifs perdus, cette proc\u00e9dure est annul\u00e9e)<br>risque\u00a0: faible (attention \u00e0 la d\u00e9gradation ou la perte du pli, de ses justificatifs)<\/p>\n<\/div><\/div>\n<\/div><\/div>\n\n\n\n<div class=\"wp-block-group\"><div class=\"wp-block-group__inner-container is-layout-constrained wp-block-group-is-layout-constrained\">\n<h1 class=\"wp-block-heading\">Envoi \u00e0 un service officiel<\/h1>\n\n\n\n<div class=\"wp-block-group\"><div class=\"wp-block-group__inner-container is-layout-constrained wp-block-group-is-layout-constrained\">\n<div class=\"wp-block-group\"><div class=\"wp-block-group__inner-container is-layout-constrained wp-block-group-is-layout-constrained\">\n<p><strong>Notaire ou huissier de justice<\/strong><\/p>\n\n\n\n<p>co\u00fbt\u00a0: \u00e9lev\u00e9 (de l\u2019ordre de\u00a0150\u00a0\u20ac, mais la dur\u00e9e est illimit\u00e9e ce qui rend le prix comp\u00e9titif)<br>validit\u00e9\u00a0: tr\u00e8s forte<br>confidentialit\u00e9\u00a0: tr\u00e8s forte<br>risque\u00a0: tr\u00e8s faible<br><em><br>Un bon moyen de d\u00e9poser son billet gagnant \u00e0 la loterie. C\u2019est aussi un moyen assurant la transmission en cas de d\u00e9c\u00e8s (d\u00e9sol\u00e9).<\/em><\/p>\n<\/div><\/div>\n<\/div><\/div>\n\n\n\n<div class=\"wp-block-group\"><div class=\"wp-block-group__inner-container is-layout-constrained wp-block-group-is-layout-constrained\">\n<p><strong>Service num\u00e9rique <em>e-soleau<\/em> de l\u2019INPI<\/strong><\/p>\n\n\n\n<p><a href=\"https:\/\/www.inpi.fr\/realiser-demarches\/propriete-intellectuelle\/se-preparer-au-depot-dune-e-soleau\">https:\/\/www.inpi.fr\/realiser-demarches\/propriete-intellectuelle\/se-preparer-au-depot-dune-e-soleau<\/a><br>co\u00fbt&nbsp;: moyen (15&nbsp;\u20ac par tranche de 50&nbsp;Mo et par p\u00e9riode de 5&nbsp;ans)<br>validit\u00e9&nbsp;: forte<br>confidentialit\u00e9&nbsp;: forte<br>risque&nbsp;: tr\u00e8s faible<br><br><em>Le d\u00e9p\u00f4t papier (l\u2019enveloppe Soleau) n\u2019est plus disponible depuis 2024 et ne convenait pas pour un roman.<\/em><\/p>\n<\/div><\/div>\n<\/div><\/div>\n\n\n\n<div class=\"wp-block-group\"><div class=\"wp-block-group__inner-container is-layout-constrained wp-block-group-is-layout-constrained\">\n<div class=\"wp-block-group\"><div class=\"wp-block-group__inner-container is-layout-constrained wp-block-group-is-layout-constrained\">\n<div class=\"wp-block-group\"><div class=\"wp-block-group__inner-container is-layout-constrained wp-block-group-is-layout-constrained\">\n<h1 class=\"wp-block-heading\">Services des soci\u00e9t\u00e9s ou associations d\u2019auteurs<\/h1>\n\n\n\n<div class=\"wp-block-group\"><div class=\"wp-block-group__inner-container is-layout-constrained wp-block-group-is-layout-constrained\">\n<p><strong>Service num\u00e9rique <em>HUGO<\/em> de la SGDL<\/strong> (Soci\u00e9t\u00e9 des Gens de Lettres)<br><br><a href=\"https:\/\/hugo.sgdl.org\/\">https:\/\/hugo.sgdl.org\/<\/a><br>co\u00fbt\u00a0: 12\u00a0\u20ac par ann\u00e9e de protection<br>validit\u00e9\u00a0: forte<br>confidentialit\u00e9\u00a0: bonne<br>risque\u00a0: faible (piratage, oubli de renouvellement)<br><br><em>Le service<em> existe aussi<\/em> pour le d\u00e9p\u00f4t papier.<\/em><\/p>\n<\/div><\/div>\n\n\n\n<div class=\"wp-block-group\"><div class=\"wp-block-group__inner-container is-layout-constrained wp-block-group-is-layout-constrained\">\n<p><strong>Service num\u00e9rique du SNAC<\/strong> (Syndicat National des Auteurs et des Compositeurs)<\/p>\n\n\n\n<p><a href=\"https:\/\/snac.fr\/depots\/\">https:\/\/snac.fr\/depots\/<\/a><br>co\u00fbt&nbsp;: 37&nbsp;\u20ac pour 5&nbsp;ans<br>validit\u00e9&nbsp;: forte<br>confidentialit\u00e9&nbsp;: bonne<br>risque&nbsp;: faible<\/p>\n<\/div><\/div>\n\n\n\n<div class=\"wp-block-group\"><div class=\"wp-block-group__inner-container is-layout-constrained wp-block-group-is-layout-constrained\">\n<p><strong>Service num\u00e9rique <em>e-dpo<\/em> de la SACD<\/strong> (Soci\u00e9t\u00e9 des Auteurs et Compositeurs Dramatiques)<\/p>\n\n\n\n<p><a href=\"https:\/\/www.sacd.fr\/fr\/proteger-vos-creations\">https:\/\/www.sacd.fr\/fr\/proteger-vos-creations<\/a> et <a href=\"https:\/\/e-dpo.com\/fr\/\">https:\/\/e-dpo.com\/fr\/<\/a><br>co\u00fbt\u00a0: 5\u00a0ans de protection pour 20\u00a0\u20ac, 20\u00a0ans pour 30\u00a0\u20ac, 50 ans pour 50\u00a0\u20ac et d\u2019autres possibilit\u00e9s<br>validit\u00e9\u00a0: forte<br>confidentialit\u00e9\u00a0: bonne<br>risque\u00a0: faible<\/p>\n<\/div><\/div>\n<\/div><\/div>\n<\/div><\/div>\n<\/div><\/div>\n","protected":false},"excerpt":{"rendered":"<p>Le droit fran\u00e7ais Le droit d\u2019auteur est acquis d\u00e8s la cr\u00e9ation de l\u2019\u0153uvre, qu\u2019elle ait \u00e9t\u00e9 publi\u00e9e ou pas.Article L111\u20111 du Code de la propri\u00e9t\u00e9 intellectuelle\u00a0:\u00ab\u00a0L&rsquo;auteur d&rsquo;une \u0153uvre de l&rsquo;esprit jouit sur cette \u0153uvre, du seul fait de sa cr\u00e9ation, d&rsquo;un droit de propri\u00e9t\u00e9 incorporelle exclusif et opposable \u00e0 tous.Ce droit comporte des attributs d&rsquo;ordre&#8230;<\/p>\n","protected":false},"author":1,"featured_media":0,"parent":0,"menu_order":0,"comment_status":"closed","ping_status":"closed","template":"","meta":{"_kad_post_transparent":"","_kad_post_title":"","_kad_post_layout":"","_kad_post_sidebar_id":"","_kad_post_content_style":"","_kad_post_vertical_padding":"","_kad_post_feature":"","_kad_post_feature_position":"","_kad_post_header":false,"_kad_post_footer":false,"_kad_post_classname":"","footnotes":""},"class_list":["post-331","page","type-page","status-publish","hentry"],"_links":{"self":[{"href":"https:\/\/az-correction.fr\/index.php?rest_route=\/wp\/v2\/pages\/331","targetHints":{"allow":["GET"]}}],"collection":[{"href":"https:\/\/az-correction.fr\/index.php?rest_route=\/wp\/v2\/pages"}],"about":[{"href":"https:\/\/az-correction.fr\/index.php?rest_route=\/wp\/v2\/types\/page"}],"author":[{"embeddable":true,"href":"https:\/\/az-correction.fr\/index.php?rest_route=\/wp\/v2\/users\/1"}],"replies":[{"embeddable":true,"href":"https:\/\/az-correction.fr\/index.php?rest_route=%2Fwp%2Fv2%2Fcomments&post=331"}],"version-history":[{"count":29,"href":"https:\/\/az-correction.fr\/index.php?rest_route=\/wp\/v2\/pages\/331\/revisions"}],"predecessor-version":[{"id":379,"href":"https:\/\/az-correction.fr\/index.php?rest_route=\/wp\/v2\/pages\/331\/revisions\/379"}],"wp:attachment":[{"href":"https:\/\/az-correction.fr\/index.php?rest_route=%2Fwp%2Fv2%2Fmedia&parent=331"}],"curies":[{"name":"wp","href":"https:\/\/api.w.org\/{rel}","templated":true}]}}